{"id":8,"date":"2022-01-17T13:42:26","date_gmt":"2022-01-17T13:42:26","guid":{"rendered":"https:\/\/superhertta.fi\/wordpress_toinen\/?page_id=8"},"modified":"2022-01-18T08:13:32","modified_gmt":"2022-01-18T08:13:32","slug":"yh","status":"publish","type":"page","link":"https:\/\/superhertta.fi\/wordpress_toinen\/index.php\/yh\/","title":{"rendered":"Yhteys"},"content":{"rendered":"\n<div class=\"wp-block-columns is-layout-flex wp-container-core-columns-is-layout-9d6595d7 wp-block-columns-is-layout-flex\">\n<div class=\"wp-block-column is-layout-flow wp-block-column-is-layout-flow\"><\/div>\n\n\n\n<div class=\"wp-block-column is-layout-flow wp-block-column-is-layout-flow\"><\/div>\n<\/div>\n\n\n\n<div class=\"wp-block-columns is-layout-flex wp-container-core-columns-is-layout-9d6595d7 wp-block-columns-is-layout-flex\">\n<div class=\"wp-block-column is-layout-flow wp-block-column-is-layout-flow\">\n<h2 class=\"has-huge-font-size wp-block-heading\">Me<\/h2>\n\n\n\n<div class=\"wp-block-columns is-layout-flex wp-container-core-columns-is-layout-9d6595d7 wp-block-columns-is-layout-flex\">\n<div class=\"wp-block-column is-layout-flow wp-block-column-is-layout-flow\">\n<p class=\"has-medium-font-size\">Juhana Virkkunen<\/p>\n\n\n\n<p>\u00c4\u00e4nisuunnittelija<\/p>\n\n\n\n<p><a href=\"mailto:juhana@superhertta.fi\" rel=\"nofollow\">juhana@superhertta.fi<\/a><\/p>\n\n\n\n<p>+358 41 529 2623<\/p>\n<\/div>\n\n\n\n<div class=\"wp-block-column is-layout-flow wp-block-column-is-layout-flow\">\n<p class=\"has-medium-font-size\">Jussi Knaapila<\/p>\n\n\n\n<p>\u00c4\u00e4nisuunnittelija, \u00e4\u00e4nitt\u00e4j\u00e4<\/p>\n\n\n\n<p><a href=\"mailto:jussi@superhertta.fi\" rel=\"nofollow\">jussi@superhertta.fi<\/a><\/p>\n\n\n\n<p>+358 50 374 2981<\/p>\n<\/div>\n<\/div>\n\n\n\n<h2 class=\"has-huge-font-size wp-block-heading\">Studio<\/h2>\n\n\n\n<p>Vy\u00f6katu 6<\/p>\n\n\n\n<p>00610 Helsinki<\/p>\n\n\n\n<p>Finland<\/p>\n<\/div>\n<\/div>\n\n\n\n<p><\/p>\n","protected":false},"excerpt":{"rendered":"<p>Me Juhana Virkkunen \u00c4\u00e4nisuunnittelija juhana@superhertta.fi +358 41 529 2623 Jussi Knaapila \u00c4\u00e4nisuunnittelija, \u00e4\u00e4nitt\u00e4j\u00e4 jussi@superhertta.fi +358 50 374 2981 Studio Vy\u00f6katu 6 00610 Helsinki Finland<\/p>\n","protected":false},"author":1,"featured_media":0,"parent":0,"menu_order":0,"comment_status":"closed","ping_status":"closed","template":"","meta":{"hide_page_title":"enabled","footnotes":""},"class_list":["post-8","page","type-page","status-publish","hentry"],"yoast_head":"<!-- This site is optimized with the Yoast SEO plugin v17.9 - https:\/\/yoast.com\/wordpress\/plugins\/seo\/ -->\n<title>Yhteys - SUPERHERTTA<\/title>\n<meta name=\"robots\" content=\"index, follow, max-snippet:-1, max-image-preview:large, max-video-preview:-1\" \/>\n<link rel=\"canonical\" href=\"https:\/\/superhertta.fi\/wordpress_toinen\/index.php\/yh\/\" \/>\n<meta property=\"og:locale\" content=\"fi_FI\" \/>\n<meta property=\"og:type\" content=\"article\" \/>\n<meta property=\"og:title\" content=\"Yhteys - SUPERHERTTA\" \/>\n<meta property=\"og:description\" content=\"Me Juhana Virkkunen \u00c4\u00e4nisuunnittelija juhana@superhertta.fi +358 41 529 2623 Jussi Knaapila \u00c4\u00e4nisuunnittelija, \u00e4\u00e4nitt\u00e4j\u00e4 jussi@superhertta.fi +358 50 374 2981 Studio Vy\u00f6katu 6 00610 Helsinki Finland\" \/>\n<meta property=\"og:url\" content=\"https:\/\/superhertta.fi\/wordpress_toinen\/index.php\/yh\/\" \/>\n<meta property=\"og:site_name\" content=\"SUPERHERTTA\" \/>\n<meta property=\"article:modified_time\" content=\"2022-01-18T08:13:32+00:00\" \/>\n<meta name=\"twitter:card\" content=\"summary_large_image\" \/>\n<meta name=\"twitter:label1\" content=\"Arvioitu lukuaika\" \/>\n\t<meta name=\"twitter:data1\" content=\"1 minuutti\" \/>\n<script type=\"application\/ld+json\" class=\"yoast-schema-graph\">{\"@context\":\"https:\/\/schema.org\",\"@graph\":[{\"@type\":\"WebSite\",\"@id\":\"https:\/\/superhertta.fi\/wordpress_toinen\/#website\",\"url\":\"https:\/\/superhertta.fi\/wordpress_toinen\/\",\"name\":\"SUPERHERTTA\",\"description\":\"\\u00c4\\u00e4nisuunnittelua ja \\u00e4\\u00e4nityst\\u00e4.\",\"potentialAction\":[{\"@type\":\"SearchAction\",\"target\":{\"@type\":\"EntryPoint\",\"urlTemplate\":\"https:\/\/superhertta.fi\/wordpress_toinen\/?s={search_term_string}\"},\"query-input\":\"required name=search_term_string\"}],\"inLanguage\":\"fi\"},{\"@type\":\"WebPage\",\"@id\":\"https:\/\/superhertta.fi\/wordpress_toinen\/index.php\/yh\/#webpage\",\"url\":\"https:\/\/superhertta.fi\/wordpress_toinen\/index.php\/yh\/\",\"name\":\"Yhteys - SUPERHERTTA\",\"isPartOf\":{\"@id\":\"https:\/\/superhertta.fi\/wordpress_toinen\/#website\"},\"datePublished\":\"2022-01-17T13:42:26+00:00\",\"dateModified\":\"2022-01-18T08:13:32+00:00\",\"breadcrumb\":{\"@id\":\"https:\/\/superhertta.fi\/wordpress_toinen\/index.php\/yh\/#breadcrumb\"},\"inLanguage\":\"fi\",\"potentialAction\":[{\"@type\":\"ReadAction\",\"target\":[\"https:\/\/superhertta.fi\/wordpress_toinen\/index.php\/yh\/\"]}]},{\"@type\":\"BreadcrumbList\",\"@id\":\"https:\/\/superhertta.fi\/wordpress_toinen\/index.php\/yh\/#breadcrumb\",\"itemListElement\":[{\"@type\":\"ListItem\",\"position\":1,\"name\":\"Etusivu\",\"item\":\"https:\/\/superhertta.fi\/wordpress_toinen\/\"},{\"@type\":\"ListItem\",\"position\":2,\"name\":\"Yhteys\"}]}]}<\/script>\n<!-- \/ Yoast SEO plugin. -->","yoast_head_json":{"title":"Yhteys - SUPERHERTTA","robots":{"index":"index","follow":"follow","max-snippet":"max-snippet:-1","max-image-preview":"max-image-preview:large","max-video-preview":"max-video-preview:-1"},"canonical":"https:\/\/superhertta.fi\/wordpress_toinen\/index.php\/yh\/","og_locale":"fi_FI","og_type":"article","og_title":"Yhteys - SUPERHERTTA","og_description":"Me Juhana Virkkunen \u00c4\u00e4nisuunnittelija juhana@superhertta.fi +358 41 529 2623 Jussi Knaapila \u00c4\u00e4nisuunnittelija, \u00e4\u00e4nitt\u00e4j\u00e4 jussi@superhertta.fi +358 50 374 2981 Studio Vy\u00f6katu 6 00610 Helsinki Finland","og_url":"https:\/\/superhertta.fi\/wordpress_toinen\/index.php\/yh\/","og_site_name":"SUPERHERTTA","article_modified_time":"2022-01-18T08:13:32+00:00","twitter_card":"summary_large_image","twitter_misc":{"Arvioitu lukuaika":"1 minuutti"},"schema":{"@context":"https:\/\/schema.org","@graph":[{"@type":"WebSite","@id":"https:\/\/superhertta.fi\/wordpress_toinen\/#website","url":"https:\/\/superhertta.fi\/wordpress_toinen\/","name":"SUPERHERTTA","description":"\u00c4\u00e4nisuunnittelua ja \u00e4\u00e4nityst\u00e4.","potentialAction":[{"@type":"SearchAction","target":{"@type":"EntryPoint","urlTemplate":"https:\/\/superhertta.fi\/wordpress_toinen\/?s={search_term_string}"},"query-input":"required name=search_term_string"}],"inLanguage":"fi"},{"@type":"WebPage","@id":"https:\/\/superhertta.fi\/wordpress_toinen\/index.php\/yh\/#webpage","url":"https:\/\/superhertta.fi\/wordpress_toinen\/index.php\/yh\/","name":"Yhteys - SUPERHERTTA","isPartOf":{"@id":"https:\/\/superhertta.fi\/wordpress_toinen\/#website"},"datePublished":"2022-01-17T13:42:26+00:00","dateModified":"2022-01-18T08:13:32+00:00","breadcrumb":{"@id":"https:\/\/superhertta.fi\/wordpress_toinen\/index.php\/yh\/#breadcrumb"},"inLanguage":"fi","potentialAction":[{"@type":"ReadAction","target":["https:\/\/superhertta.fi\/wordpress_toinen\/index.php\/yh\/"]}]},{"@type":"BreadcrumbList","@id":"https:\/\/superhertta.fi\/wordpress_toinen\/index.php\/yh\/#breadcrumb","itemListElement":[{"@type":"ListItem","position":1,"name":"Etusivu","item":"https:\/\/superhertta.fi\/wordpress_toinen\/"},{"@type":"ListItem","position":2,"name":"Yhteys"}]}]}},"_links":{"self":[{"href":"https:\/\/superhertta.fi\/wordpress_toinen\/index.php\/wp-json\/wp\/v2\/pages\/8","targetHints":{"allow":["GET"]}}],"collection":[{"href":"https:\/\/superhertta.fi\/wordpress_toinen\/index.php\/wp-json\/wp\/v2\/pages"}],"about":[{"href":"https:\/\/superhertta.fi\/wordpress_toinen\/index.php\/wp-json\/wp\/v2\/types\/page"}],"author":[{"embeddable":true,"href":"https:\/\/superhertta.fi\/wordpress_toinen\/index.php\/wp-json\/wp\/v2\/users\/1"}],"replies":[{"embeddable":true,"href":"https:\/\/superhertta.fi\/wordpress_toinen\/index.php\/wp-json\/wp\/v2\/comments?post=8"}],"version-history":[{"count":16,"href":"https:\/\/superhertta.fi\/wordpress_toinen\/index.php\/wp-json\/wp\/v2\/pages\/8\/revisions"}],"predecessor-version":[{"id":82,"href":"https:\/\/superhertta.fi\/wordpress_toinen\/index.php\/wp-json\/wp\/v2\/pages\/8\/revisions\/82"}],"wp:attachment":[{"href":"https:\/\/superhertta.fi\/wordpress_toinen\/index.php\/wp-json\/wp\/v2\/media?parent=8"}],"curies":[{"name":"wp","href":"https:\/\/api.w.org\/{rel}","templated":true}]}}