{"id":6,"date":"2022-01-17T13:42:26","date_gmt":"2022-01-17T13:42:26","guid":{"rendered":"https:\/\/superhertta.fi\/wordpress_toinen\/?page_id=6"},"modified":"2022-01-18T10:00:37","modified_gmt":"2022-01-18T10:00:37","slug":"create-your-website-with-blocks","status":"publish","type":"page","link":"https:\/\/superhertta.fi\/wordpress_toinen\/","title":{"rendered":"Etusivu"},"content":{"rendered":"\n<h2 class=\"alignwide has-text-align-wide has-gigantic-font-size wp-block-heading\" style=\"line-height:1.1\"><\/h2>\n\n\n\n<p><\/p>\n\n\n\n<p><\/p>\n\n\n\n<p><\/p>\n\n\n\n<div class=\"wp-block-columns alignwide are-vertically-aligned-top is-style-twentytwentyone-columns-overlap is-layout-flex wp-container-core-columns-is-layout-9d6595d7 wp-block-columns-is-layout-flex\">\n<div class=\"wp-block-column is-vertically-aligned-top is-layout-flow wp-block-column-is-layout-flow\">\n<div class=\"wp-block-columns is-layout-flex wp-container-core-columns-is-layout-9d6595d7 wp-block-columns-is-layout-flex\">\n<div class=\"wp-block-column is-layout-flow wp-block-column-is-layout-flow\">\n<p class=\"has-text-color has-link-color wp-elements-f0afd025d977723e0bc271909068df53\" style=\"color:#000000;font-size:50px\">\u00c4\u00e4nisuunnittelua ja \u00e4\u00e4nityst\u00e4.<\/p>\n<\/div>\n<\/div>\n<\/div>\n<\/div>\n\n\n\n<div class=\"wp-block-columns alignwide are-vertically-aligned-top is-layout-flex wp-container-core-columns-is-layout-9d6595d7 wp-block-columns-is-layout-flex\">\n<div class=\"wp-block-column is-vertically-aligned-top is-layout-flow wp-block-column-is-layout-flow\">\n<h3 class=\"has-primary-color has-text-color has-huge-font-size wp-block-heading\">Mainokset<\/h3>\n\n\n\n<p>Televisio-, online- ja radiomainokset. <\/p>\n\n\n\n<p>Spiikit, musiikki, \u00e4\u00e4nisuunnittelu.<\/p>\n\n\n\n<p><\/p>\n<\/div>\n\n\n\n<div class=\"wp-block-column is-vertically-aligned-top is-layout-flow wp-block-column-is-layout-flow\">\n<h3 class=\"has-primary-color has-text-color has-huge-font-size wp-block-heading\">TV-ohjelmat<\/h3>\n\n\n\n<p>Tv-ohjelmien \u00e4\u00e4nen j\u00e4lkity\u00f6t.<\/p>\n\n\n\n<p>Draama- ja viihdetuotannot.<\/p>\n\n\n\n<p><\/p>\n\n\n\n<p><\/p>\n<\/div>\n\n\n\n<div class=\"wp-block-column is-vertically-aligned-top is-layout-flow wp-block-column-is-layout-flow\">\n<h3 class=\"has-primary-color has-text-color has-huge-font-size wp-block-heading\">\u00c4\u00e4nityspalvelut<\/h3>\n\n\n\n<p>Spiikit, podcastit, kentt\u00e4-\u00e4\u00e4nitys.<\/p>\n\n\n\n<p><\/p>\n<\/div>\n<\/div>\n\n\n\n<p><\/p>\n","protected":false},"excerpt":{"rendered":"<p>\u00c4\u00e4nisuunnittelua ja \u00e4\u00e4nityst\u00e4. Mainokset Televisio-, online- ja radiomainokset. Spiikit, musiikki, \u00e4\u00e4nisuunnittelu. TV-ohjelmat Tv-ohjelmien \u00e4\u00e4nen j\u00e4lkity\u00f6t. Draama- ja viihdetuotannot. \u00c4\u00e4nityspalvelut Spiikit, podcastit, kentt\u00e4-\u00e4\u00e4nitys.<\/p>\n","protected":false},"author":1,"featured_media":0,"parent":0,"menu_order":0,"comment_status":"closed","ping_status":"closed","template":"","meta":{"hide_page_title":"enabled","footnotes":""},"class_list":["post-6","page","type-page","status-publish","hentry"],"yoast_head":"<!-- This site is optimized with the Yoast SEO plugin v17.9 - https:\/\/yoast.com\/wordpress\/plugins\/seo\/ -->\n<title>Etusivu - SUPERHERTTA<\/title>\n<meta name=\"robots\" content=\"index, follow, max-snippet:-1, max-image-preview:large, max-video-preview:-1\" \/>\n<link rel=\"canonical\" href=\"https:\/\/superhertta.fi\/wordpress_toinen\/\" \/>\n<meta property=\"og:locale\" content=\"fi_FI\" \/>\n<meta property=\"og:type\" content=\"article\" \/>\n<meta property=\"og:title\" content=\"Etusivu - SUPERHERTTA\" \/>\n<meta property=\"og:description\" content=\"\u00c4\u00e4nisuunnittelua ja \u00e4\u00e4nityst\u00e4. Mainokset Televisio-, online- ja radiomainokset. Spiikit, musiikki, \u00e4\u00e4nisuunnittelu. TV-ohjelmat Tv-ohjelmien \u00e4\u00e4nen j\u00e4lkity\u00f6t. Draama- ja viihdetuotannot. \u00c4\u00e4nityspalvelut Spiikit, podcastit, kentt\u00e4-\u00e4\u00e4nitys.\" \/>\n<meta property=\"og:url\" content=\"https:\/\/superhertta.fi\/wordpress_toinen\/\" \/>\n<meta property=\"og:site_name\" content=\"SUPERHERTTA\" \/>\n<meta property=\"article:modified_time\" content=\"2022-01-18T10:00:37+00:00\" \/>\n<meta name=\"twitter:card\" content=\"summary_large_image\" \/>\n<meta name=\"twitter:label1\" content=\"Arvioitu lukuaika\" \/>\n\t<meta name=\"twitter:data1\" content=\"1 minuutti\" \/>\n<script type=\"application\/ld+json\" class=\"yoast-schema-graph\">{\"@context\":\"https:\/\/schema.org\",\"@graph\":[{\"@type\":\"WebSite\",\"@id\":\"https:\/\/superhertta.fi\/wordpress_toinen\/#website\",\"url\":\"https:\/\/superhertta.fi\/wordpress_toinen\/\",\"name\":\"SUPERHERTTA\",\"description\":\"\\u00c4\\u00e4nisuunnittelua ja \\u00e4\\u00e4nityst\\u00e4.\",\"potentialAction\":[{\"@type\":\"SearchAction\",\"target\":{\"@type\":\"EntryPoint\",\"urlTemplate\":\"https:\/\/superhertta.fi\/wordpress_toinen\/?s={search_term_string}\"},\"query-input\":\"required name=search_term_string\"}],\"inLanguage\":\"fi\"},{\"@type\":\"WebPage\",\"@id\":\"https:\/\/superhertta.fi\/wordpress_toinen\/#webpage\",\"url\":\"https:\/\/superhertta.fi\/wordpress_toinen\/\",\"name\":\"Etusivu - SUPERHERTTA\",\"isPartOf\":{\"@id\":\"https:\/\/superhertta.fi\/wordpress_toinen\/#website\"},\"datePublished\":\"2022-01-17T13:42:26+00:00\",\"dateModified\":\"2022-01-18T10:00:37+00:00\",\"breadcrumb\":{\"@id\":\"https:\/\/superhertta.fi\/wordpress_toinen\/#breadcrumb\"},\"inLanguage\":\"fi\",\"potentialAction\":[{\"@type\":\"ReadAction\",\"target\":[\"https:\/\/superhertta.fi\/wordpress_toinen\/\"]}]},{\"@type\":\"BreadcrumbList\",\"@id\":\"https:\/\/superhertta.fi\/wordpress_toinen\/#breadcrumb\",\"itemListElement\":[{\"@type\":\"ListItem\",\"position\":1,\"name\":\"Etusivu\",\"item\":\"https:\/\/superhertta.fi\/wordpress_toinen\/\"},{\"@type\":\"ListItem\",\"position\":2,\"name\":\"Etusivu\"}]}]}<\/script>\n<!-- \/ Yoast SEO plugin. -->","yoast_head_json":{"title":"Etusivu - SUPERHERTTA","robots":{"index":"index","follow":"follow","max-snippet":"max-snippet:-1","max-image-preview":"max-image-preview:large","max-video-preview":"max-video-preview:-1"},"canonical":"https:\/\/superhertta.fi\/wordpress_toinen\/","og_locale":"fi_FI","og_type":"article","og_title":"Etusivu - SUPERHERTTA","og_description":"\u00c4\u00e4nisuunnittelua ja \u00e4\u00e4nityst\u00e4. Mainokset Televisio-, online- ja radiomainokset. Spiikit, musiikki, \u00e4\u00e4nisuunnittelu. TV-ohjelmat Tv-ohjelmien \u00e4\u00e4nen j\u00e4lkity\u00f6t. Draama- ja viihdetuotannot. \u00c4\u00e4nityspalvelut Spiikit, podcastit, kentt\u00e4-\u00e4\u00e4nitys.","og_url":"https:\/\/superhertta.fi\/wordpress_toinen\/","og_site_name":"SUPERHERTTA","article_modified_time":"2022-01-18T10:00:37+00:00","twitter_card":"summary_large_image","twitter_misc":{"Arvioitu lukuaika":"1 minuutti"},"schema":{"@context":"https:\/\/schema.org","@graph":[{"@type":"WebSite","@id":"https:\/\/superhertta.fi\/wordpress_toinen\/#website","url":"https:\/\/superhertta.fi\/wordpress_toinen\/","name":"SUPERHERTTA","description":"\u00c4\u00e4nisuunnittelua ja \u00e4\u00e4nityst\u00e4.","potentialAction":[{"@type":"SearchAction","target":{"@type":"EntryPoint","urlTemplate":"https:\/\/superhertta.fi\/wordpress_toinen\/?s={search_term_string}"},"query-input":"required name=search_term_string"}],"inLanguage":"fi"},{"@type":"WebPage","@id":"https:\/\/superhertta.fi\/wordpress_toinen\/#webpage","url":"https:\/\/superhertta.fi\/wordpress_toinen\/","name":"Etusivu - SUPERHERTTA","isPartOf":{"@id":"https:\/\/superhertta.fi\/wordpress_toinen\/#website"},"datePublished":"2022-01-17T13:42:26+00:00","dateModified":"2022-01-18T10:00:37+00:00","breadcrumb":{"@id":"https:\/\/superhertta.fi\/wordpress_toinen\/#breadcrumb"},"inLanguage":"fi","potentialAction":[{"@type":"ReadAction","target":["https:\/\/superhertta.fi\/wordpress_toinen\/"]}]},{"@type":"BreadcrumbList","@id":"https:\/\/superhertta.fi\/wordpress_toinen\/#breadcrumb","itemListElement":[{"@type":"ListItem","position":1,"name":"Etusivu","item":"https:\/\/superhertta.fi\/wordpress_toinen\/"},{"@type":"ListItem","position":2,"name":"Etusivu"}]}]}},"_links":{"self":[{"href":"https:\/\/superhertta.fi\/wordpress_toinen\/index.php\/wp-json\/wp\/v2\/pages\/6","targetHints":{"allow":["GET"]}}],"collection":[{"href":"https:\/\/superhertta.fi\/wordpress_toinen\/index.php\/wp-json\/wp\/v2\/pages"}],"about":[{"href":"https:\/\/superhertta.fi\/wordpress_toinen\/index.php\/wp-json\/wp\/v2\/types\/page"}],"author":[{"embeddable":true,"href":"https:\/\/superhertta.fi\/wordpress_toinen\/index.php\/wp-json\/wp\/v2\/users\/1"}],"replies":[{"embeddable":true,"href":"https:\/\/superhertta.fi\/wordpress_toinen\/index.php\/wp-json\/wp\/v2\/comments?post=6"}],"version-history":[{"count":25,"href":"https:\/\/superhertta.fi\/wordpress_toinen\/index.php\/wp-json\/wp\/v2\/pages\/6\/revisions"}],"predecessor-version":[{"id":87,"href":"https:\/\/superhertta.fi\/wordpress_toinen\/index.php\/wp-json\/wp\/v2\/pages\/6\/revisions\/87"}],"wp:attachment":[{"href":"https:\/\/superhertta.fi\/wordpress_toinen\/index.php\/wp-json\/wp\/v2\/media?parent=6"}],"curies":[{"name":"wp","href":"https:\/\/api.w.org\/{rel}","templated":true}]}}